{"id":10,"date":"2013-03-11T09:11:09","date_gmt":"2013-03-11T08:11:09","guid":{"rendered":"http:\/\/fridhemsgatan68.se\/wordpress\/?page_id=10"},"modified":"2015-09-24T12:04:53","modified_gmt":"2015-09-24T11:04:53","slug":"geografi","status":"publish","type":"page","link":"https:\/\/fridhemsgatan68.se\/?page_id=10","title":{"rendered":"Hitta hit"},"content":{"rendered":"<p><a title=\"Karta\" href=\"https:\/\/www.google.com\/maps\/place\/Fridhemsgatan+68,+112+46+Stockholm,+Sverige\/@59.3365764,18.0321886,17z\/data=!3m1!4b1!4m2!3m1!1s0x465f9d7ea458f12d:0x7c3412d1de878250?hl=sv\" target=\"_blank\">Fridhemsgatan 68 (\u00f6ppna karta)<\/a><\/p>\n<p>F\u00f6rutom med t-bana (gr\u00f6na &amp; bl\u00e5a linjen) till Fridhemsplan kan du \u00e5ka bussarna 1, 3, 4, 49, 59, 40, 62 eller pendeln till Karlberg.<\/p>\n<p><a href=\"https:\/\/fridhemsgatan68.se\/wp-content\/uploads\/2013\/03\/fridhensgatan68_karta.jpg\"><img loading=\"lazy\" decoding=\"async\" class=\"size-full wp-image-16 alignleft\" alt=\"fridhensgatan68_karta\" src=\"https:\/\/fridhemsgatan68.se\/wp-content\/uploads\/2013\/03\/fridhensgatan68_karta.jpg\" width=\"462\" height=\"370\" srcset=\"https:\/\/fridhemsgatan68.se\/wp-content\/uploads\/2013\/03\/fridhensgatan68_karta.jpg 462w, https:\/\/fridhemsgatan68.se\/wp-content\/uploads\/2013\/03\/fridhensgatan68_karta-300x240.jpg 300w, https:\/\/fridhemsgatan68.se\/wp-content\/uploads\/2013\/03\/fridhensgatan68_karta-374x300.jpg 374w\" sizes=\"(max-width: 462px) 100vw, 462px\" \/><\/a><\/p>\n<p>&nbsp;<\/p>\n<p>&nbsp;<\/p>\n<p>&nbsp;<\/p>\n<p>&nbsp;<\/p>\n<p>&nbsp;<\/p>\n<p>&nbsp;<\/p>\n<p>&nbsp;<\/p>\n<p>&nbsp;<\/p>\n<p>&nbsp;<\/p>\n<p><a href=\"https:\/\/fridhemsgatan68.se\/wp-content\/uploads\/2013\/03\/Karta-Fridhemsgatan-681.png\"><img loading=\"lazy\" decoding=\"async\" class=\"alignnone size-full wp-image-1073\" alt=\"Karta - Fridhemsgatan 68\" src=\"https:\/\/fridhemsgatan68.se\/wp-content\/uploads\/2013\/03\/Karta-Fridhemsgatan-681.png\" width=\"462\" height=\"252\" srcset=\"https:\/\/fridhemsgatan68.se\/wp-content\/uploads\/2013\/03\/Karta-Fridhemsgatan-681.png 462w, https:\/\/fridhemsgatan68.se\/wp-content\/uploads\/2013\/03\/Karta-Fridhemsgatan-681-250x136.png 250w\" sizes=\"(max-width: 462px) 100vw, 462px\" \/><\/a><\/p>\n<p>&nbsp;<\/p>\n","protected":false},"excerpt":{"rendered":"<p>Fridhemsgatan 68 (\u00f6ppna karta) F\u00f6rutom med t-bana (gr\u00f6na &amp; bl\u00e5a linjen) till Fridhemsplan kan du \u00e5ka bussarna 1, 3, 4, 49, 59, 40, 62 eller pendeln till Karlberg. &nbsp; &nbsp; &nbsp; &nbsp; &nbsp; &nbsp; &nbsp; &nbsp; &nbsp; &nbsp;<\/p>\n","protected":false},"author":5,"featured_media":0,"parent":0,"menu_order":0,"comment_status":"closed","ping_status":"closed","template":"","meta":{"footnotes":""},"class_list":["post-10","page","type-page","status-publish","hentry"],"_links":{"self":[{"href":"https:\/\/fridhemsgatan68.se\/index.php?rest_route=\/wp\/v2\/pages\/10"}],"collection":[{"href":"https:\/\/fridhemsgatan68.se\/index.php?rest_route=\/wp\/v2\/pages"}],"about":[{"href":"https:\/\/fridhemsgatan68.se\/index.php?rest_route=\/wp\/v2\/types\/page"}],"author":[{"embeddable":true,"href":"https:\/\/fridhemsgatan68.se\/index.php?rest_route=\/wp\/v2\/users\/5"}],"replies":[{"embeddable":true,"href":"https:\/\/fridhemsgatan68.se\/index.php?rest_route=%2Fwp%2Fv2%2Fcomments&post=10"}],"version-history":[{"count":21,"href":"https:\/\/fridhemsgatan68.se\/index.php?rest_route=\/wp\/v2\/pages\/10\/revisions"}],"predecessor-version":[{"id":121,"href":"https:\/\/fridhemsgatan68.se\/index.php?rest_route=\/wp\/v2\/pages\/10\/revisions\/121"}],"wp:attachment":[{"href":"https:\/\/fridhemsgatan68.se\/index.php?rest_route=%2Fwp%2Fv2%2Fmedia&parent=10"}],"curies":[{"name":"wp","href":"https:\/\/api.w.org\/{rel}","templated":true}]}}