{"id":1030,"date":"2015-09-24T08:00:43","date_gmt":"2015-09-24T07:00:43","guid":{"rendered":"http:\/\/fridhemsgatan68.se\/?page_id=1030"},"modified":"2017-02-09T16:52:10","modified_gmt":"2017-02-09T15:52:10","slug":"besiktningar-kontroller","status":"publish","type":"page","link":"https:\/\/fridhemsgatan68.se\/?page_id=1030","title":{"rendered":"Besiktningar &#038; Kontroller"},"content":{"rendered":"<h4>Egenkontroll<\/h4>\n<p>Styrelsen ansvarar f\u00f6r att l\u00e5ta utf\u00f6ra s\u00e5 kallad egenkontroll, vilket inneb\u00e4r en regelbunden kontroll av verksamheten och dess p\u00e5verkan p\u00e5 milj\u00f6n och h\u00e4lsan. F\u00f6reningen uppfyller kraven bl.a. genom f\u00f6ljande rutiner:<\/p>\n<ul style=\"list-style-type: square;\">\n<li>\u00c5rlig uppdatering av l\u00e5ngsiktig underh\u00e5llsplan<\/li>\n<li>Rutiner f\u00f6r felanm\u00e4lan och \u00e5tg\u00e4rd vid fel<\/li>\n<li>Information till boende och leverant\u00f6rer om ansvar och regler<\/li>\n<li>L\u00f6pande arbete f\u00f6r energihush\u00e5llning<\/li>\n<li>Information om regler f\u00f6r buller och st\u00f6rningar<\/li>\n<li>OVK och uppf\u00f6ljning av eventuella anm\u00e4rkningar<\/li>\n<li>Tillhandah\u00e5lla f\u00f6ruts\u00e4ttningar f\u00f6r god inomhustemperatur<\/li>\n<li>F\u00f6rebygga legionella i vattnet genom kontroll av returtemperatur<\/li>\n<li>Radonm\u00e4tning<\/li>\n<li>Bedriva systematiskt brandskyddsarbete bl.a. genom \u00e5rlig kontroll av brandskyddet<\/li>\n<li>F\u00f6rebygga fukt och m\u00f6gel bl.a. genom uppf\u00f6ljning av vattenskador<\/li>\n<li>F\u00f6rs\u00e4kring avseende hantering av skadedjur<\/li>\n<li>Rutiner f\u00f6r god avfallshantering<\/li>\n<\/ul>\n<p>&nbsp;<\/p>\n<h4>Brandskydd<\/h4>\n<p>Styrelsen ansvarar f\u00f6r att kontinuerligt f\u00f6rebygga brand och arbetar efter nedanst\u00e5ende checklista. F\u00f6r status och information till boende se\u00a0<a title=\"Viktig information\" href=\"https:\/\/fridhemsgatan68.se\/?page_id=41\">Viktig information<\/a>.<\/p>\n<p><img loading=\"lazy\" decoding=\"async\" title=\"PDF\" alt=\"icon\" src=\"https:\/\/fridhemsgatan68.se\/wp-content\/uploads\/2013\/03\/pdf_icon.jpg\" width=\"24\" height=\"24\" \/>\u00a0<a href=\"https:\/\/fridhemsgatan68.se\/wp-content\/uploads\/2015\/09\/Checklista-brandskydd.pdf\">Checklista brandskydd<\/a><\/p>\n<p>&nbsp;<\/p>\n<h4>Externa besiktningar och kontroller<\/h4>\n<p><strong>Obligatorisk ventilationskontroll (OVK)<\/strong><\/p>\n<p>Styrelsen ansvarar f\u00f6r att l\u00e5ta utf\u00f6ra OVK vart 6:e \u00e5r och s\u00e4kerst\u00e4lla \u00e5tg\u00e4rd av eventuella anm\u00e4rkningar.<\/p>\n<p><a href=\"https:\/\/fridhemsgatan68.se\/wp-content\/uploads\/2015\/09\/Intyg-OVK-2013.pdf\"><img loading=\"lazy\" decoding=\"async\" title=\"PDF\" alt=\"icon\" src=\"https:\/\/fridhemsgatan68.se\/wp-content\/uploads\/2013\/03\/pdf_icon.jpg\" width=\"24\" height=\"24\" \/>\u00a0Intyg OVK 2013<\/a><\/p>\n<p>&nbsp;<\/p>\n<p><strong>Energideklaration<\/strong><\/p>\n<p>Styrelsen bedriver ett kontinuerligt energibesparande arbete och ansvarar f\u00f6r att l\u00e5ta utf\u00f6ra energideklaration vart 10:e \u00e5r.<\/p>\n<p><img loading=\"lazy\" decoding=\"async\" title=\"PDF\" alt=\"icon\" src=\"https:\/\/fridhemsgatan68.se\/wp-content\/uploads\/2013\/03\/pdf_icon.jpg\" width=\"24\" height=\"24\" \/>\u00a0<a href=\"https:\/\/fridhemsgatan68.se\/wp-content\/uploads\/2015\/09\/Intyg-Energideklaration-2015.pdf\">Intyg &#8211; Energideklaration 2015<\/a><\/p>\n<p>&nbsp;<\/p>\n<p><strong>Radonm\u00e4tning<\/strong><\/p>\n<p>Styrelsen ansvarar f\u00f6r att s\u00e4kerst\u00e4lla att radon inte utg\u00f6r en h\u00e4lsorisk.<\/p>\n<p><img loading=\"lazy\" decoding=\"async\" title=\"PDF\" alt=\"icon\" src=\"https:\/\/fridhemsgatan68.se\/wp-content\/uploads\/2013\/03\/pdf_icon.jpg\" width=\"24\" height=\"24\" \/>\u00a0<a title=\"Radonm\u00e4tning 2016\" href=\"https:\/\/fridhemsgatan68.se\/wp-content\/uploads\/2016\/05\/Rapport-m\u00e4tning-av-radon-2016.pdf\" target=\"_blank\">Intyg &#8211; Radonm\u00e4tning 2016<\/a><\/p>\n<p>&nbsp;<\/p>\n<p><strong>Hissar<\/strong><\/p>\n<p>Hissarna besiktigas \u00e5rligen av Inspecta och service utf\u00f6rs 4 ggr per \u00e5r av St. Eriks Hiss.<\/p>\n<p>&nbsp;<\/p>\n<p><strong>Sotning<\/strong><\/p>\n<p>Fastighetens aktiva eldst\u00e4der, skorstenar och r\u00f6kkanaler besiktigas och sotas regelbundet av Peter Sotare.<\/p>\n","protected":false},"excerpt":{"rendered":"<p>Egenkontroll Styrelsen ansvarar f\u00f6r att l\u00e5ta utf\u00f6ra s\u00e5 kallad egenkontroll, vilket inneb\u00e4r en regelbunden kontroll av verksamheten och dess p\u00e5verkan p\u00e5 milj\u00f6n och h\u00e4lsan. F\u00f6reningen uppfyller kraven bl.a. genom f\u00f6ljande rutiner: \u00c5rlig uppdatering av l\u00e5ngsiktig underh\u00e5llsplan Rutiner f\u00f6r felanm\u00e4lan och \u00e5tg\u00e4rd vid fel Information till boende och leverant\u00f6rer om ansvar \u2026 <a class=\"continue-reading-link\" href=\"https:\/\/fridhemsgatan68.se\/?page_id=1030\">L\u00e4s mer <span class=\"meta-nav\">&rarr; <\/span><\/a><\/p>\n","protected":false},"author":3,"featured_media":0,"parent":0,"menu_order":0,"comment_status":"closed","ping_status":"closed","template":"","meta":{"footnotes":""},"class_list":["post-1030","page","type-page","status-publish","hentry"],"_links":{"self":[{"href":"https:\/\/fridhemsgatan68.se\/index.php?rest_route=\/wp\/v2\/pages\/1030"}],"collection":[{"href":"https:\/\/fridhemsgatan68.se\/index.php?rest_route=\/wp\/v2\/pages"}],"about":[{"href":"https:\/\/fridhemsgatan68.se\/index.php?rest_route=\/wp\/v2\/types\/page"}],"author":[{"embeddable":true,"href":"https:\/\/fridhemsgatan68.se\/index.php?rest_route=\/wp\/v2\/users\/3"}],"replies":[{"embeddable":true,"href":"https:\/\/fridhemsgatan68.se\/index.php?rest_route=%2Fwp%2Fv2%2Fcomments&post=1030"}],"version-history":[{"count":29,"href":"https:\/\/fridhemsgatan68.se\/index.php?rest_route=\/wp\/v2\/pages\/1030\/revisions"}],"predecessor-version":[{"id":1035,"href":"https:\/\/fridhemsgatan68.se\/index.php?rest_route=\/wp\/v2\/pages\/1030\/revisions\/1035"}],"wp:attachment":[{"href":"https:\/\/fridhemsgatan68.se\/index.php?rest_route=%2Fwp%2Fv2%2Fmedia&parent=1030"}],"curies":[{"name":"wp","href":"https:\/\/api.w.org\/{rel}","templated":true}]}}