{"id":14,"date":"2013-03-11T09:13:58","date_gmt":"2013-03-11T09:13:58","guid":{"rendered":"http:\/\/fridhemsgatan68.se\/wordpress\/?page_id=14"},"modified":"2025-05-08T14:51:42","modified_gmt":"2025-05-08T13:51:42","slug":"medlemsansokan","status":"publish","type":"page","link":"https:\/\/fridhemsgatan68.se\/?page_id=14","title":{"rendered":"Ekonomi &#038; Underh\u00e5ll"},"content":{"rendered":"<p>&nbsp;<\/p>\n<h4>Underh\u00e5llsplan<\/h4>\n<p><img loading=\"lazy\" decoding=\"async\" src=\"https:\/\/fridhemsgatan68.se\/wp-content\/uploads\/2013\/03\/pdf_icon.jpg\" alt=\" \" width=\"24\" height=\"24\" \/><br \/>\n<a href=\"https:\/\/fridhemsgatan68.se\/wp-content\/uploads\/2025\/05\/Underhallsplan-2024-1.pdf\">Underh\u00e5llsplan 2024<\/a><\/p>\n<h4>\u00c5rsredovisningar<\/h4>\n<p><img loading=\"lazy\" decoding=\"async\" src=\"https:\/\/fridhemsgatan68.se\/wp-content\/uploads\/2013\/03\/pdf_icon.jpg\" alt=\" \" width=\"24\" height=\"24\" \/> <a href=\"https:\/\/fridhemsgatan68.se\/wp-content\/uploads\/2024\/06\/Brf-Vastergard-nr-1-arsredovisning-2023.pdf\">\u00c5rsredovisning 2023<\/a><\/p>\n<p><img loading=\"lazy\" decoding=\"async\" src=\"https:\/\/fridhemsgatan68.se\/wp-content\/uploads\/2013\/03\/pdf_icon.jpg\" alt=\" \" width=\"24\" height=\"24\" \/> <a href=\"https:\/\/fridhemsgatan68.se\/wp-content\/uploads\/2023\/10\/Brf-Vastergard-nr-1-arsredovisning-2022.pdf\">\u00c5rsredovisning 2022<\/a><\/p>\n<p><img loading=\"lazy\" decoding=\"async\" src=\"https:\/\/fridhemsgatan68.se\/wp-content\/uploads\/2013\/03\/pdf_icon.jpg\" alt=\" \" width=\"24\" height=\"24\" \/> <a href=\"https:\/\/fridhemsgatan68.se\/wp-content\/uploads\/2022\/08\/Brf-Vastergard-nr-1-arsredovisning-2021.pdf\">\u00c5rsredovisning 2021<\/a><\/p>\n<p><img loading=\"lazy\" decoding=\"async\" src=\"https:\/\/fridhemsgatan68.se\/wp-content\/uploads\/2013\/03\/pdf_icon.jpg\" alt=\" \" width=\"24\" height=\"24\" \/> <a href=\"https:\/\/fridhemsgatan68.se\/wp-content\/uploads\/2013\/03\/Brf-V\u00e4sterg\u00e5rd-nr-1-\u00e5rsredovisning-2020.pdf\">\u00c5rsredovisning 2020<\/a><\/p>\n<p><img loading=\"lazy\" decoding=\"async\" src=\"https:\/\/fridhemsgatan68.se\/wp-content\/uploads\/2013\/03\/pdf_icon.jpg\" alt=\" \" width=\"24\" height=\"24\" \/> <a href=\"https:\/\/fridhemsgatan68.se\/wp-content\/uploads\/2013\/03\/Brf-V\u00e4sterg\u00e5rd-nr-1-\u00e5rsredovisning-2019.pdf\">\u00c5rsredovisning 2019<\/a><\/p>\n<p><img loading=\"lazy\" decoding=\"async\" src=\"https:\/\/fridhemsgatan68.se\/wp-content\/uploads\/2013\/03\/pdf_icon.jpg\" alt=\" \" width=\"24\" height=\"24\" \/> <a href=\"https:\/\/fridhemsgatan68.se\/wp-content\/uploads\/2019\/07\/Brf-V\u00e4sterg\u00e5rd-nr-1-\u00c5rsredovisning-2018-signerad.pdf\" target=\"_blank\" rel=\"noopener\">\u00c5rsredovisning 2018<\/a><\/p>\n<p><img loading=\"lazy\" decoding=\"async\" src=\"https:\/\/fridhemsgatan68.se\/wp-content\/uploads\/2013\/03\/pdf_icon.jpg\" alt=\" \" width=\"24\" height=\"24\" \/>\u00a0<a href=\"https:\/\/fridhemsgatan68.se\/wp-content\/uploads\/2018\/08\/\u00c5rsredovisning-2017-Brf-V\u00e4sterg\u00e5rd-nr-1-p\u00e5skriven.pdf\" target=\"_blank\" rel=\"noopener\">\u00c5rsredovisning 2017<\/a><\/p>\n<p><img loading=\"lazy\" decoding=\"async\" src=\"https:\/\/fridhemsgatan68.se\/wp-content\/uploads\/2013\/03\/pdf_icon.jpg\" alt=\" \" width=\"24\" height=\"24\" \/>\u00a0<a title=\"\u00c5rsredovisning 2016\" href=\"https:\/\/fridhemsgatan68.se\/wp-content\/uploads\/2017\/05\/\u00c5rsredovisning-2016-Brf-V\u00e4sterg\u00e5rd-1-med-revisionsber\u00e4ttelser-Signerat.pdf\" target=\"_blank\" rel=\"noopener\">\u00c5rsredovisning 2016<\/a><\/p>\n<p><img loading=\"lazy\" decoding=\"async\" src=\"https:\/\/fridhemsgatan68.se\/wp-content\/uploads\/2013\/03\/pdf_icon.jpg\" alt=\" \" width=\"24\" height=\"24\" \/>\u00a0<a title=\"\u00c5rsredovisning 2015\" href=\"https:\/\/fridhemsgatan68.se\/wp-content\/uploads\/2016\/05\/\u00c5rsredovisning-2015-Brf-V\u00e4sterg\u00e5rd-1-Signerad.pdf\" target=\"_blank\" rel=\"noopener\">\u00c5rsredovisning 2015<\/a><\/p>\n<p><img loading=\"lazy\" decoding=\"async\" src=\"https:\/\/fridhemsgatan68.se\/wp-content\/uploads\/2013\/03\/pdf_icon.jpg\" alt=\" \" width=\"24\" height=\"24\" \/>\u00a0<a title=\"\u00c5rsredovisning 2014\" href=\"https:\/\/fridhemsgatan68.se\/wp-content\/uploads\/2015\/05\/arsredovisning_2014.pdf\" target=\"_blank\" rel=\"noopener\">\u00c5rsredovisning 2014<\/a><\/p>\n<p><img loading=\"lazy\" decoding=\"async\" src=\"https:\/\/fridhemsgatan68.se\/wp-content\/uploads\/2013\/03\/pdf_icon.jpg\" alt=\" \" width=\"24\" height=\"24\" \/>\u00a0<a title=\"\u00c5rsredovisning 2013\" href=\"https:\/\/fridhemsgatan68.se\/wp-content\/uploads\/2014\/05\/arsredovisning_2013.pdf\" target=\"_blank\" rel=\"noopener\">\u00c5rsredovisning 2013<\/a><\/p>\n<p><img loading=\"lazy\" decoding=\"async\" src=\"https:\/\/fridhemsgatan68.se\/wp-content\/uploads\/2013\/03\/pdf_icon.jpg\" alt=\" \" width=\"24\" height=\"24\" \/>\u00a0<a title=\"\u00c5rsredovisning 2012\" href=\"https:\/\/fridhemsgatan68.se\/wp-content\/uploads\/2013\/05\/arsredovisning_2012.pdf\" target=\"_blank\" rel=\"noopener\">\u00c5rsredovisning 2012<\/a><\/p>\n<p><img loading=\"lazy\" decoding=\"async\" src=\"https:\/\/fridhemsgatan68.se\/wp-content\/uploads\/2013\/03\/pdf_icon.jpg\" alt=\" \" width=\"24\" height=\"24\" \/>\u00a0<a title=\"\u00c5rsredovisning 2011\" href=\"https:\/\/fridhemsgatan68.se\/wp-content\/uploads\/2013\/03\/arsredovisning_2011.pdf\" target=\"_blank\" rel=\"noopener\">\u00c5rsredovisning 2011<\/a><\/p>\n<p><img loading=\"lazy\" decoding=\"async\" src=\"https:\/\/fridhemsgatan68.se\/wp-content\/uploads\/2013\/03\/pdf_icon.jpg\" alt=\" \" width=\"24\" height=\"24\" \/>\u00a0<a title=\"\u00c5rsredovisning 2010\" href=\"https:\/\/fridhemsgatan68.se\/wp-content\/uploads\/2013\/03\/arsredovisning_2010.pdf\" target=\"_blank\" rel=\"noopener\">\u00c5rsredovisning 2010<\/a><\/p>\n<p><img loading=\"lazy\" decoding=\"async\" src=\"https:\/\/fridhemsgatan68.se\/wp-content\/uploads\/2013\/03\/pdf_icon.jpg\" alt=\" \" width=\"24\" height=\"24\" \/>\u00a0<a title=\"\u00c5rsredovisning 2009\" href=\"https:\/\/fridhemsgatan68.se\/wp-content\/uploads\/2013\/03\/arsredovisning_2009.pdf\" target=\"_blank\" rel=\"noopener\">\u00c5rsredovisning 2009<\/a><\/p>\n<p><img loading=\"lazy\" decoding=\"async\" src=\"https:\/\/fridhemsgatan68.se\/wp-content\/uploads\/2013\/03\/pdf_icon.jpg\" alt=\" \" width=\"24\" height=\"24\" \/>\u00a0<a title=\"\u00c5rsredovisning 2008\" href=\"https:\/\/fridhemsgatan68.se\/wp-content\/uploads\/2013\/03\/arsredovisning_2008.pdf\" target=\"_blank\" rel=\"noopener\">\u00c5rsredovisning 2008<\/a><\/p>\n<p><img loading=\"lazy\" decoding=\"async\" src=\"https:\/\/fridhemsgatan68.se\/wp-content\/uploads\/2013\/03\/pdf_icon.jpg\" alt=\" \" width=\"24\" height=\"24\" \/>\u00a0<a title=\"\u00c5rsredovisning 2007\" href=\"https:\/\/fridhemsgatan68.se\/wp-content\/uploads\/2013\/03\/arsredovisning_2007.pdf\" target=\"_blank\" rel=\"noopener\">\u00c5rsredovisning 2007<\/a><\/p>\n<p><img loading=\"lazy\" decoding=\"async\" src=\"https:\/\/fridhemsgatan68.se\/wp-content\/uploads\/2013\/03\/pdf_icon.jpg\" alt=\" \" width=\"24\" height=\"24\" \/>\u00a0<a title=\"\u00c5rsredovisning 2006\" href=\"https:\/\/fridhemsgatan68.se\/wp-content\/uploads\/2013\/03\/arsredovisning_2006.pdf\" target=\"_blank\" rel=\"noopener\">\u00c5rsredovisning 2006<\/a><\/p>\n<p><img loading=\"lazy\" decoding=\"async\" src=\"https:\/\/fridhemsgatan68.se\/wp-content\/uploads\/2013\/03\/pdf_icon.jpg\" alt=\" \" width=\"24\" height=\"24\" \/>\u00a0<a title=\"\u00c5rsredovisning 2005\" href=\"https:\/\/fridhemsgatan68.se\/wp-content\/uploads\/2013\/03\/arsredovisning_2005.pdf\" target=\"_blank\" rel=\"noopener\">\u00c5rsredovisning 2005<\/a><\/p>\n","protected":false},"excerpt":{"rendered":"<p>&nbsp; Underh\u00e5llsplan Underh\u00e5llsplan 2024 \u00c5rsredovisningar \u00c5rsredovisning 2023 \u00c5rsredovisning 2022 \u00c5rsredovisning 2021 \u00c5rsredovisning 2020 \u00c5rsredovisning 2019 \u00c5rsredovisning 2018 \u00a0\u00c5rsredovisning 2017 \u00a0\u00c5rsredovisning 2016 \u00a0\u00c5rsredovisning 2015 \u00a0\u00c5rsredovisning 2014 \u00a0\u00c5rsredovisning 2013 \u00a0\u00c5rsredovisning 2012 \u00a0\u00c5rsredovisning 2011 \u00a0\u00c5rsredovisning 2010 \u00a0\u00c5rsredovisning 2009 \u00a0\u00c5rsredovisning 2008 \u00a0\u00c5rsredovisning 2007 \u00a0\u00c5rsredovisning 2006 \u00a0\u00c5rsredovisning 2005<\/p>\n","protected":false},"author":5,"featured_media":0,"parent":0,"menu_order":0,"comment_status":"closed","ping_status":"closed","template":"","meta":{"footnotes":""},"class_list":["post-14","page","type-page","status-publish","hentry"],"_links":{"self":[{"href":"https:\/\/fridhemsgatan68.se\/index.php?rest_route=\/wp\/v2\/pages\/14"}],"collection":[{"href":"https:\/\/fridhemsgatan68.se\/index.php?rest_route=\/wp\/v2\/pages"}],"about":[{"href":"https:\/\/fridhemsgatan68.se\/index.php?rest_route=\/wp\/v2\/types\/page"}],"author":[{"embeddable":true,"href":"https:\/\/fridhemsgatan68.se\/index.php?rest_route=\/wp\/v2\/users\/5"}],"replies":[{"embeddable":true,"href":"https:\/\/fridhemsgatan68.se\/index.php?rest_route=%2Fwp%2Fv2%2Fcomments&post=14"}],"version-history":[{"count":47,"href":"https:\/\/fridhemsgatan68.se\/index.php?rest_route=\/wp\/v2\/pages\/14\/revisions"}],"predecessor-version":[{"id":1489,"href":"https:\/\/fridhemsgatan68.se\/index.php?rest_route=\/wp\/v2\/pages\/14\/revisions\/1489"}],"wp:attachment":[{"href":"https:\/\/fridhemsgatan68.se\/index.php?rest_route=%2Fwp%2Fv2%2Fmedia&parent=14"}],"curies":[{"name":"wp","href":"https:\/\/api.w.org\/{rel}","templated":true}]}}