{"id":26,"date":"2013-03-11T09:17:43","date_gmt":"2013-03-11T09:17:43","guid":{"rendered":"http:\/\/fridhemsgatan68.se\/wordpress\/?page_id=26"},"modified":"2025-05-08T14:41:06","modified_gmt":"2025-05-08T13:41:06","slug":"kontakter","status":"publish","type":"page","link":"https:\/\/fridhemsgatan68.se\/?page_id=26","title":{"rendered":"Kontakter"},"content":{"rendered":"<h4><\/h4>\n<h4>\u00c4renden till styrelsen och felanm\u00e4lan<\/h4>\n<p><img loading=\"lazy\" decoding=\"async\" src=\"https:\/\/fridhemsgatan68.se\/wp-content\/uploads\/2013\/03\/email.gif\" alt=\" \" width=\"15\" height=\"10\" align=\"absmiddle\" \/>\u00a0<a href=\"mailto:arenden@fridhemsgatan68.se\">arenden@fridhemsgatan68.se<\/a><\/p>\n<hr \/>\n<h4>Ekonomisk f\u00f6rvaltning &amp; fastighetssk\u00f6tsel<\/h4>\n<p><strong>Storholmen F\u00f6rvaltning AB<\/strong><br \/>\nPastellv\u00e4gen 6<br \/>\n121 36 JOHANNESHOV<br \/>\nTel: 08-520\u00a0252\u00a000<br \/>\n<img loading=\"lazy\" decoding=\"async\" src=\"https:\/\/fridhemsgatan68.se\/wp-content\/uploads\/2013\/03\/email.gif\" alt=\" \" width=\"15\" height=\"10\" align=\"absmiddle\" \/>\u00a0<a href=\"mailto:direkt@storholmen.se\">direkt@storholmen.se<\/a><\/p>\n<p>Post f\u00f6r inscanning (fakturor, mm):<\/p>\n<p><strong>500 Brf V\u00e4sterg\u00e5rd nr 1<\/strong><br \/>\nc\/o Storholmen F\u00f6rvaltning AB<br \/>\nBox 56012<br \/>\n102 17 STOCKHOLM<\/p>\n<hr \/>\n<h4>Styrelsen<\/h4>\n<p>Styrelseledamot <em>&#8211;\u00a0Ordf\u00f6rande<\/em><br \/>\n<strong>Tobias Holmstr\u00f6m<\/strong>, 070-191 27 54<br \/>\n<img loading=\"lazy\" decoding=\"async\" src=\"https:\/\/fridhemsgatan68.se\/wp-content\/uploads\/2013\/03\/email.gif\" alt=\" \" width=\"15\" height=\"10\" align=\"absmiddle\" \/>\u00a0<a href=\"mailto:holtob@gmail.com\" target=\"_blank\" rel=\"noopener\">holtob@gmail.com<\/a><\/p>\n<p>Styrelseledamot<br \/>\n<strong>Henric Nor\u00e9n<\/strong>, 070-696 01 39<br \/>\n<img loading=\"lazy\" decoding=\"async\" src=\"https:\/\/fridhemsgatan68.se\/wp-content\/uploads\/2013\/03\/email.gif\" alt=\" \" width=\"15\" height=\"10\" align=\"absmiddle\" \/>\u00a0<a href=\"mailto:henric.noren@icloud.com\" target=\"_blank\" rel=\"noopener\">henric.noren@icloud.com<\/a><\/p>\n<p>Styrelseledamot<br \/>\n<strong>Lina Nordqvist<\/strong>, 073-905 99 71<br \/>\n<img loading=\"lazy\" decoding=\"async\" src=\"https:\/\/fridhemsgatan68.se\/wp-content\/uploads\/2013\/03\/email.gif\" alt=\" \" width=\"15\" height=\"10\" align=\"absmiddle\" \/> <a href=\"mailto:lina@mac.se\">lina@mac.se<\/a><\/p>\n<p>Styrelseledamot<br \/>\nInga kontaktuppgifter publicerade<\/p>\n<p>Styrelsesuppleant<br \/>\n<strong>Peter Huwyler<\/strong>, 073-444 3559<br \/>\n<img loading=\"lazy\" decoding=\"async\" src=\"https:\/\/fridhemsgatan68.se\/wp-content\/uploads\/2013\/03\/email.gif\" alt=\" \" width=\"15\" height=\"10\" align=\"absmiddle\" \/> <a href=\"mailto:huwylerpeter@hotmail.com\">huwylerpeter@hotmail.com<\/a><\/p>\n<p>Styrelsesuppleant<br \/>\n<strong>Joakim Kumlin<\/strong>, 073-514 00 92<br \/>\n<img loading=\"lazy\" decoding=\"async\" src=\"https:\/\/fridhemsgatan68.se\/wp-content\/uploads\/2013\/03\/email.gif\" alt=\" \" width=\"15\" height=\"10\" align=\"absmiddle\" \/> <a href=\"mailto:kumlinjoakim@gmail.com\">kumlinjoakim@gmail.com<\/a><\/p>\n<hr \/>\n<h4>Valberedning<\/h4>\n<p><strong>Lovisa Lindholm<\/strong>, Sammankallande<br \/>\n<img loading=\"lazy\" decoding=\"async\" src=\"https:\/\/fridhemsgatan68.se\/wp-content\/uploads\/2013\/03\/email.gif\" alt=\" \" width=\"15\" height=\"10\" align=\"absmiddle\" \/>\u00a0<a href=\"mailto:valberedningen@fridhemsgatan68.se\">valberedningen@fridhemsgatan68.se<\/a><\/p>\n<hr \/>\n<p>Revisorer<\/p>\n<p>Extern revisor<br \/>\n<strong>Peter Neveling<\/strong>, 0702-532 437<br \/>\n<img loading=\"lazy\" decoding=\"async\" src=\"https:\/\/fridhemsgatan68.se\/wp-content\/uploads\/2013\/03\/email.gif\" alt=\" \" width=\"15\" height=\"10\" align=\"absmiddle\" \/>\u00a0<a href=\"mailto:peter.neveling@nevrev.se\">peter.neveling@nevrev.se<\/a><\/p>\n<p>Intern revisor<br \/>\n<strong>Oscar Sj\u00f6d\u00e9n<\/strong>,\u00a00730-890 497<br \/>\n<img loading=\"lazy\" decoding=\"async\" src=\"https:\/\/fridhemsgatan68.se\/wp-content\/uploads\/2013\/03\/email.gif\" alt=\" \" width=\"15\" height=\"10\" align=\"absmiddle\" \/>\u00a0<a href=\"mailto:oscar.sjoden@gmail.com\" target=\"_blank\" rel=\"noopener\">oscar.sjoden@gmail.com<\/a><\/p>\n<hr \/>\n<p>&nbsp;<\/p>\n","protected":false},"excerpt":{"rendered":"<p>\u00c4renden till styrelsen och felanm\u00e4lan \u00a0arenden@fridhemsgatan68.se Ekonomisk f\u00f6rvaltning &amp; fastighetssk\u00f6tsel Storholmen F\u00f6rvaltning AB Pastellv\u00e4gen 6 121 36 JOHANNESHOV Tel: 08-520\u00a0252\u00a000 \u00a0direkt@storholmen.se Post f\u00f6r inscanning (fakturor, mm): 500 Brf V\u00e4sterg\u00e5rd nr 1 c\/o Storholmen F\u00f6rvaltning AB Box 56012 102 17 STOCKHOLM Styrelsen Styrelseledamot &#8211;\u00a0Ordf\u00f6rande Tobias Holmstr\u00f6m, 070-191 27 54 \u00a0holtob@gmail.com Styrelseledamot \u2026 <a class=\"continue-reading-link\" href=\"https:\/\/fridhemsgatan68.se\/?page_id=26\">L\u00e4s mer <span class=\"meta-nav\">&rarr; <\/span><\/a><\/p>\n","protected":false},"author":5,"featured_media":0,"parent":0,"menu_order":0,"comment_status":"closed","ping_status":"closed","template":"","meta":{"footnotes":""},"class_list":["post-26","page","type-page","status-publish","hentry"],"_links":{"self":[{"href":"https:\/\/fridhemsgatan68.se\/index.php?rest_route=\/wp\/v2\/pages\/26"}],"collection":[{"href":"https:\/\/fridhemsgatan68.se\/index.php?rest_route=\/wp\/v2\/pages"}],"about":[{"href":"https:\/\/fridhemsgatan68.se\/index.php?rest_route=\/wp\/v2\/types\/page"}],"author":[{"embeddable":true,"href":"https:\/\/fridhemsgatan68.se\/index.php?rest_route=\/wp\/v2\/users\/5"}],"replies":[{"embeddable":true,"href":"https:\/\/fridhemsgatan68.se\/index.php?rest_route=%2Fwp%2Fv2%2Fcomments&post=26"}],"version-history":[{"count":76,"href":"https:\/\/fridhemsgatan68.se\/index.php?rest_route=\/wp\/v2\/pages\/26\/revisions"}],"predecessor-version":[{"id":1485,"href":"https:\/\/fridhemsgatan68.se\/index.php?rest_route=\/wp\/v2\/pages\/26\/revisions\/1485"}],"wp:attachment":[{"href":"https:\/\/fridhemsgatan68.se\/index.php?rest_route=%2Fwp%2Fv2%2Fmedia&parent=26"}],"curies":[{"name":"wp","href":"https:\/\/api.w.org\/{rel}","templated":true}]}}