{"id":28,"date":"2013-03-11T09:18:26","date_gmt":"2013-03-11T09:18:26","guid":{"rendered":"http:\/\/fridhemsgatan68.se\/wordpress\/?page_id=28"},"modified":"2015-09-23T00:37:59","modified_gmt":"2015-09-22T23:37:59","slug":"stadgar","status":"publish","type":"page","link":"https:\/\/fridhemsgatan68.se\/?page_id=28","title":{"rendered":"Galleri \u00f6ver n\u00e4rmilj\u00f6er"},"content":{"rendered":"\n\n<link rel='stylesheet' href='https:\/\/fridhemsgatan68.se\/wp-content\/uploads\/wow-slider-plugin\/25\/style.css' type='text\/css' media='all' \/>\n<!-- Name: N\u00e4rmilj\u00f6er  -->\n\n<!-- Start WOWSlider.com BODY section -->\n<div id=\"wowslider-container25\">\n<div class=\"ws_images\"><ul>\n\t\t<li><img decoding=\"async\" src=\"https:\/\/fridhemsgatan68.se\/wp-content\/uploads\/wow-slider-plugin\/25\/images\/bild_1__st_eriksbron.jpg\" alt=\"St Eriksbron\" title=\"St Eriksbron\" id=\"wows25_0\"\/><\/li>\n\t\t<li><img decoding=\"async\" src=\"https:\/\/fridhemsgatan68.se\/wp-content\/uploads\/wow-slider-plugin\/25\/images\/bild_2__kungsholmsstrand.jpg\" alt=\"Kungsholmsstrand\" title=\"Kungsholmsstrand\" id=\"wows25_1\"\/><\/li>\n\t\t<li><img decoding=\"async\" src=\"https:\/\/fridhemsgatan68.se\/wp-content\/uploads\/wow-slider-plugin\/25\/images\/bild_3__kronobergsparken.jpg\" alt=\"Kronobergsparken\" title=\"Kronobergsparken\" id=\"wows25_2\"\/><\/li>\n\t\t<li><img decoding=\"async\" src=\"https:\/\/fridhemsgatan68.se\/wp-content\/uploads\/wow-slider-plugin\/25\/images\/bild_4__fredhllsbadet.jpg\" alt=\"Fredh\u00e4llsbadet\" title=\"Fredh\u00e4llsbadet\" id=\"wows25_3\"\/><\/li>\n\t\t<li><img decoding=\"async\" src=\"https:\/\/fridhemsgatan68.se\/wp-content\/uploads\/wow-slider-plugin\/25\/images\/bild_5__fredshll.jpg\" alt=\"Fredsh\u00e4ll\" title=\"Fredsh\u00e4ll\" id=\"wows25_4\"\/><\/li>\n\t\t<li><img decoding=\"async\" src=\"https:\/\/fridhemsgatan68.se\/wp-content\/uploads\/wow-slider-plugin\/25\/images\/bild_6__solstugan.jpg\" alt=\"Solstugan\" title=\"Solstugan\" id=\"wows25_5\"\/><\/li>\n\t\t<li><img decoding=\"async\" src=\"https:\/\/fridhemsgatan68.se\/wp-content\/uploads\/wow-slider-plugin\/25\/images\/bild_7__karlberg.jpg\" alt=\"Karlbergsparken\" title=\"Karlbergsparken\" id=\"wows25_6\"\/><\/li>\n\t\t<li><img decoding=\"async\" src=\"https:\/\/fridhemsgatan68.se\/wp-content\/uploads\/wow-slider-plugin\/25\/images\/bild_8__norrmlarstrand.jpg\" alt=\"Norrm\u00e4larstrand\" title=\"Norrm\u00e4larstrand\" id=\"wows25_7\"\/><\/li>\n\t\t<li><img decoding=\"async\" src=\"https:\/\/fridhemsgatan68.se\/wp-content\/uploads\/wow-slider-plugin\/25\/images\/bild_9__rlambshovsparken.jpg\" alt=\"R\u00e5lambshovsparken\" title=\"R\u00e5lambshovsparken\" id=\"wows25_8\"\/><\/li>\n\t\t<li><img decoding=\"async\" src=\"https:\/\/fridhemsgatan68.se\/wp-content\/uploads\/wow-slider-plugin\/25\/images\/bild_10__norrmlarstrand.jpg\" alt=\"Norrm\u00e4larstrand\" title=\"Norrm\u00e4larstrand\" id=\"wows25_9\"\/><\/li>\n\t\t<li><img decoding=\"async\" src=\"https:\/\/fridhemsgatan68.se\/wp-content\/uploads\/wow-slider-plugin\/25\/images\/bild_11__norrmlarstrand.jpg\" alt=\"Norrm\u00e4larstrand\" title=\"Norrm\u00e4larstrand\" id=\"wows25_10\"\/><\/li>\n\t\t<li><img decoding=\"async\" src=\"https:\/\/fridhemsgatan68.se\/wp-content\/uploads\/wow-slider-plugin\/25\/images\/bild_12__kungsbron.jpg\" alt=\"Kungsbron\" title=\"Kungsbron\" id=\"wows25_11\"\/><\/li>\n\t\t<li><img decoding=\"async\" src=\"https:\/\/fridhemsgatan68.se\/wp-content\/uploads\/wow-slider-plugin\/25\/images\/bild_13__kungsholmsstrand.jpg\" alt=\"Kungsholmsstrand\" title=\"Kungsholmsstrand\" id=\"wows25_12\"\/><\/li>\n\t\t<li><img decoding=\"async\" src=\"https:\/\/fridhemsgatan68.se\/wp-content\/uploads\/wow-slider-plugin\/25\/images\/bild_14__kungsholmsstrand.jpg\" alt=\"Kungsholmsstrand\" title=\"Kungsholmsstrand\" id=\"wows25_13\"\/><\/li>\n\t\t<li><img decoding=\"async\" src=\"https:\/\/fridhemsgatan68.se\/wp-content\/uploads\/wow-slider-plugin\/25\/images\/bild_15__norrmlarstrand.jpg\" alt=\"Norrm\u00e4larstrand\" title=\"Norrm\u00e4larstrand\" id=\"wows25_14\"\/><\/li>\n\t\t<li><img decoding=\"async\" src=\"https:\/\/fridhemsgatan68.se\/wp-content\/uploads\/wow-slider-plugin\/25\/images\/bild_16__uggleparken.jpg\" alt=\"Uggleparken\" title=\"Uggleparken\" id=\"wows25_15\"\/><\/li>\n\t\t<li><img decoding=\"async\" src=\"https:\/\/fridhemsgatan68.se\/wp-content\/uploads\/wow-slider-plugin\/25\/images\/bild_17__rlambshovsparken.jpg\" alt=\"R\u00e5lambshovsparken\" title=\"R\u00e5lambshovsparken\" id=\"wows25_16\"\/><\/li>\n\t\t<li><img decoding=\"async\" src=\"https:\/\/fridhemsgatan68.se\/wp-content\/uploads\/wow-slider-plugin\/25\/images\/bild_18__rrstrandsgatan.jpg\" alt=\"R\u00f6rstrandsgatan\" title=\"R\u00f6rstrandsgatan\" id=\"wows25_17\"\/><\/li>\n\t\t<li><img decoding=\"async\" src=\"https:\/\/fridhemsgatan68.se\/wp-content\/uploads\/wow-slider-plugin\/25\/images\/bild_19__stadshuset.jpg\" alt=\"Stadshuset\" title=\"Stadshuset\" id=\"wows25_18\"\/><\/li>\n\t\t<li><img decoding=\"async\" src=\"https:\/\/fridhemsgatan68.se\/wp-content\/uploads\/wow-slider-plugin\/25\/images\/bild_20__kungsholmsstrand.jpg\" alt=\"Kungsholmsstrand\" title=\"Kungsholmsstrand\" id=\"wows25_19\"\/><\/li>\n\t\t<li><img decoding=\"async\" src=\"https:\/\/fridhemsgatan68.se\/wp-content\/uploads\/wow-slider-plugin\/25\/images\/bild_21__karlbergs_slott.jpg\" alt=\"Karlbergs slott\" title=\"Karlbergs slott\" id=\"wows25_20\"\/><\/li>\n\t\t<li><img decoding=\"async\" src=\"https:\/\/fridhemsgatan68.se\/wp-content\/uploads\/wow-slider-plugin\/25\/images\/bild_22__hornsbergsstrand.jpg\" alt=\"Hornsbergsstrand\" title=\"Hornsbergsstrand\" id=\"wows25_21\"\/><\/li>\n\t\t<li><img decoding=\"async\" src=\"https:\/\/fridhemsgatan68.se\/wp-content\/uploads\/wow-slider-plugin\/25\/images\/bild_23__la_famiglia.jpg\" alt=\"La Famiglia\" title=\"La Famiglia\" id=\"wows25_22\"\/><\/li>\n\t\t<li><img decoding=\"async\" src=\"https:\/\/fridhemsgatan68.se\/wp-content\/uploads\/wow-slider-plugin\/25\/images\/bild_24__stadshuset.jpg\" alt=\"Stadshuset\" title=\"Stadshuset\" id=\"wows25_23\"\/><\/li>\n\t\t<li><a href=\"http:\/\/wowslider.com\/vi\"><img decoding=\"async\" src=\"https:\/\/fridhemsgatan68.se\/wp-content\/uploads\/wow-slider-plugin\/25\/images\/bild_25__stadshuset.jpg\" alt=\"slider\" title=\"Stadshuset\" id=\"wows25_24\"\/><\/a><\/li>\n\t\t<li><img decoding=\"async\" src=\"https:\/\/fridhemsgatan68.se\/wp-content\/uploads\/wow-slider-plugin\/25\/images\/bild_26__vsterbron.png\" alt=\"V\u00e4sterbron\" title=\"V\u00e4sterbron\" id=\"wows25_25\"\/><\/li>\n\t<\/ul><\/div>\n\t<div class=\"ws_bullets\"><div>\n\t\t<a href=\"#\" title=\"St Eriksbron\"><span><img decoding=\"async\" src=\"https:\/\/fridhemsgatan68.se\/wp-content\/uploads\/wow-slider-plugin\/25\/tooltips\/bild_1__st_eriksbron.jpg\" alt=\"St Eriksbron\"\/>1<\/span><\/a>\n\t\t<a href=\"#\" title=\"Kungsholmsstrand\"><span><img decoding=\"async\" src=\"https:\/\/fridhemsgatan68.se\/wp-content\/uploads\/wow-slider-plugin\/25\/tooltips\/bild_2__kungsholmsstrand.jpg\" alt=\"Kungsholmsstrand\"\/>2<\/span><\/a>\n\t\t<a href=\"#\" title=\"Kronobergsparken\"><span><img decoding=\"async\" src=\"https:\/\/fridhemsgatan68.se\/wp-content\/uploads\/wow-slider-plugin\/25\/tooltips\/bild_3__kronobergsparken.jpg\" alt=\"Kronobergsparken\"\/>3<\/span><\/a>\n\t\t<a href=\"#\" title=\"Fredh\u00e4llsbadet\"><span><img decoding=\"async\" src=\"https:\/\/fridhemsgatan68.se\/wp-content\/uploads\/wow-slider-plugin\/25\/tooltips\/bild_4__fredhllsbadet.jpg\" alt=\"Fredh\u00e4llsbadet\"\/>4<\/span><\/a>\n\t\t<a href=\"#\" title=\"Fredsh\u00e4ll\"><span><img decoding=\"async\" src=\"https:\/\/fridhemsgatan68.se\/wp-content\/uploads\/wow-slider-plugin\/25\/tooltips\/bild_5__fredshll.jpg\" alt=\"Fredsh\u00e4ll\"\/>5<\/span><\/a>\n\t\t<a href=\"#\" title=\"Solstugan\"><span><img decoding=\"async\" src=\"https:\/\/fridhemsgatan68.se\/wp-content\/uploads\/wow-slider-plugin\/25\/tooltips\/bild_6__solstugan.jpg\" alt=\"Solstugan\"\/>6<\/span><\/a>\n\t\t<a href=\"#\" title=\"Karlbergsparken\"><span><img decoding=\"async\" src=\"https:\/\/fridhemsgatan68.se\/wp-content\/uploads\/wow-slider-plugin\/25\/tooltips\/bild_7__karlberg.jpg\" alt=\"Karlbergsparken\"\/>7<\/span><\/a>\n\t\t<a href=\"#\" title=\"Norrm\u00e4larstrand\"><span><img decoding=\"async\" src=\"https:\/\/fridhemsgatan68.se\/wp-content\/uploads\/wow-slider-plugin\/25\/tooltips\/bild_8__norrmlarstrand.jpg\" alt=\"Norrm\u00e4larstrand\"\/>8<\/span><\/a>\n\t\t<a href=\"#\" title=\"R\u00e5lambshovsparken\"><span><img decoding=\"async\" src=\"https:\/\/fridhemsgatan68.se\/wp-content\/uploads\/wow-slider-plugin\/25\/tooltips\/bild_9__rlambshovsparken.jpg\" alt=\"R\u00e5lambshovsparken\"\/>9<\/span><\/a>\n\t\t<a href=\"#\" title=\"Norrm\u00e4larstrand\"><span><img decoding=\"async\" src=\"https:\/\/fridhemsgatan68.se\/wp-content\/uploads\/wow-slider-plugin\/25\/tooltips\/bild_10__norrmlarstrand.jpg\" alt=\"Norrm\u00e4larstrand\"\/>10<\/span><\/a>\n\t\t<a href=\"#\" title=\"Norrm\u00e4larstrand\"><span><img decoding=\"async\" src=\"https:\/\/fridhemsgatan68.se\/wp-content\/uploads\/wow-slider-plugin\/25\/tooltips\/bild_11__norrmlarstrand.jpg\" alt=\"Norrm\u00e4larstrand\"\/>11<\/span><\/a>\n\t\t<a href=\"#\" title=\"Kungsbron\"><span><img decoding=\"async\" src=\"https:\/\/fridhemsgatan68.se\/wp-content\/uploads\/wow-slider-plugin\/25\/tooltips\/bild_12__kungsbron.jpg\" alt=\"Kungsbron\"\/>12<\/span><\/a>\n\t\t<a href=\"#\" title=\"Kungsholmsstrand\"><span><img decoding=\"async\" src=\"https:\/\/fridhemsgatan68.se\/wp-content\/uploads\/wow-slider-plugin\/25\/tooltips\/bild_13__kungsholmsstrand.jpg\" alt=\"Kungsholmsstrand\"\/>13<\/span><\/a>\n\t\t<a href=\"#\" title=\"Kungsholmsstrand\"><span><img decoding=\"async\" src=\"https:\/\/fridhemsgatan68.se\/wp-content\/uploads\/wow-slider-plugin\/25\/tooltips\/bild_14__kungsholmsstrand.jpg\" alt=\"Kungsholmsstrand\"\/>14<\/span><\/a>\n\t\t<a href=\"#\" title=\"Norrm\u00e4larstrand\"><span><img decoding=\"async\" src=\"https:\/\/fridhemsgatan68.se\/wp-content\/uploads\/wow-slider-plugin\/25\/tooltips\/bild_15__norrmlarstrand.jpg\" alt=\"Norrm\u00e4larstrand\"\/>15<\/span><\/a>\n\t\t<a href=\"#\" title=\"Uggleparken\"><span><img decoding=\"async\" src=\"https:\/\/fridhemsgatan68.se\/wp-content\/uploads\/wow-slider-plugin\/25\/tooltips\/bild_16__uggleparken.jpg\" alt=\"Uggleparken\"\/>16<\/span><\/a>\n\t\t<a href=\"#\" title=\"R\u00e5lambshovsparken\"><span><img decoding=\"async\" src=\"https:\/\/fridhemsgatan68.se\/wp-content\/uploads\/wow-slider-plugin\/25\/tooltips\/bild_17__rlambshovsparken.jpg\" alt=\"R\u00e5lambshovsparken\"\/>17<\/span><\/a>\n\t\t<a href=\"#\" title=\"R\u00f6rstrandsgatan\"><span><img decoding=\"async\" src=\"https:\/\/fridhemsgatan68.se\/wp-content\/uploads\/wow-slider-plugin\/25\/tooltips\/bild_18__rrstrandsgatan.jpg\" alt=\"R\u00f6rstrandsgatan\"\/>18<\/span><\/a>\n\t\t<a href=\"#\" title=\"Stadshuset\"><span><img decoding=\"async\" src=\"https:\/\/fridhemsgatan68.se\/wp-content\/uploads\/wow-slider-plugin\/25\/tooltips\/bild_19__stadshuset.jpg\" alt=\"Stadshuset\"\/>19<\/span><\/a>\n\t\t<a href=\"#\" title=\"Kungsholmsstrand\"><span><img decoding=\"async\" src=\"https:\/\/fridhemsgatan68.se\/wp-content\/uploads\/wow-slider-plugin\/25\/tooltips\/bild_20__kungsholmsstrand.jpg\" alt=\"Kungsholmsstrand\"\/>20<\/span><\/a>\n\t\t<a href=\"#\" title=\"Karlbergs slott\"><span><img decoding=\"async\" src=\"https:\/\/fridhemsgatan68.se\/wp-content\/uploads\/wow-slider-plugin\/25\/tooltips\/bild_21__karlbergs_slott.jpg\" alt=\"Karlbergs slott\"\/>21<\/span><\/a>\n\t\t<a href=\"#\" title=\"Hornsbergsstrand\"><span><img decoding=\"async\" src=\"https:\/\/fridhemsgatan68.se\/wp-content\/uploads\/wow-slider-plugin\/25\/tooltips\/bild_22__hornsbergsstrand.jpg\" alt=\"Hornsbergsstrand\"\/>22<\/span><\/a>\n\t\t<a href=\"#\" title=\"La Famiglia\"><span><img decoding=\"async\" src=\"https:\/\/fridhemsgatan68.se\/wp-content\/uploads\/wow-slider-plugin\/25\/tooltips\/bild_23__la_famiglia.jpg\" alt=\"La Famiglia\"\/>23<\/span><\/a>\n\t\t<a href=\"#\" title=\"Stadshuset\"><span><img decoding=\"async\" src=\"https:\/\/fridhemsgatan68.se\/wp-content\/uploads\/wow-slider-plugin\/25\/tooltips\/bild_24__stadshuset.jpg\" alt=\"Stadshuset\"\/>24<\/span><\/a>\n\t\t<a href=\"#\" title=\"Stadshuset\"><span><img decoding=\"async\" src=\"https:\/\/fridhemsgatan68.se\/wp-content\/uploads\/wow-slider-plugin\/25\/tooltips\/bild_25__stadshuset.jpg\" alt=\"Stadshuset\"\/>25<\/span><\/a>\n\t\t<a href=\"#\" title=\"V\u00e4sterbron\"><span><img decoding=\"async\" src=\"https:\/\/fridhemsgatan68.se\/wp-content\/uploads\/wow-slider-plugin\/25\/tooltips\/bild_26__vsterbron.png\" alt=\"V\u00e4sterbron\"\/>26<\/span><\/a>\n\t<\/div><\/div><div class=\"ws_script\" style=\"position:absolute;left:-99%\"><a href=\"http:\/\/wowslider.com\">bootstrap carousel<\/a> by WOWSlider.com v8.6m<\/div>\n\t<a href=\"#\" class=\"ws_frame\"><\/a>\n\t<div class=\"ws_shadow\"><\/div>\n<\/div>\n<!-- End WOWSlider.com BODY section -->\n\n\n<script type='text\/javascript' src='https:\/\/fridhemsgatan68.se\/wp-content\/uploads\/wow-slider-plugin\/25\/script.js'><\/script>\n\n\n","protected":false},"excerpt":{"rendered":"","protected":false},"author":5,"featured_media":0,"parent":0,"menu_order":0,"comment_status":"closed","ping_status":"closed","template":"","meta":{"footnotes":""},"class_list":["post-28","page","type-page","status-publish","hentry"],"_links":{"self":[{"href":"https:\/\/fridhemsgatan68.se\/index.php?rest_route=\/wp\/v2\/pages\/28"}],"collection":[{"href":"https:\/\/fridhemsgatan68.se\/index.php?rest_route=\/wp\/v2\/pages"}],"about":[{"href":"https:\/\/fridhemsgatan68.se\/index.php?rest_route=\/wp\/v2\/types\/page"}],"author":[{"embeddable":true,"href":"https:\/\/fridhemsgatan68.se\/index.php?rest_route=\/wp\/v2\/users\/5"}],"replies":[{"embeddable":true,"href":"https:\/\/fridhemsgatan68.se\/index.php?rest_route=%2Fwp%2Fv2%2Fcomments&post=28"}],"version-history":[{"count":52,"href":"https:\/\/fridhemsgatan68.se\/index.php?rest_route=\/wp\/v2\/pages\/28\/revisions"}],"predecessor-version":[{"id":164,"href":"https:\/\/fridhemsgatan68.se\/index.php?rest_route=\/wp\/v2\/pages\/28\/revisions\/164"}],"wp:attachment":[{"href":"https:\/\/fridhemsgatan68.se\/index.php?rest_route=%2Fwp%2Fv2%2Fmedia&parent=28"}],"curies":[{"name":"wp","href":"https:\/\/api.w.org\/{rel}","templated":true}]}}