{"id":33,"date":"2013-03-11T09:19:04","date_gmt":"2013-03-11T09:19:04","guid":{"rendered":"http:\/\/fridhemsgatan68.se\/wordpress\/?page_id=33"},"modified":"2016-03-02T21:17:31","modified_gmt":"2016-03-02T20:17:31","slug":"arsredovisningar","status":"publish","type":"page","link":"https:\/\/fridhemsgatan68.se\/?page_id=33","title":{"rendered":"F\u00f6r leverant\u00f6rer"},"content":{"rendered":"<p>&nbsp;<\/p>\n<h4>Fakta<\/h4>\n<p><strong>Brf V\u00e4sterg\u00e5rd nr 1<\/strong><br \/>\nOrg.nr. 702002-6105<br \/>\nBG: 517-0931<br \/>\n<img loading=\"lazy\" decoding=\"async\" alt=\" \" src=\"https:\/\/fridhemsgatan68.se\/wp-content\/uploads\/2013\/03\/email.gif\" width=\"15\" height=\"10\" align=\"absmiddle\" \/> <a href=\"mailto:arenden@fridhemsgatan68.se\">arenden@fridhemsgatan68.se<\/a><\/p>\n<p><strong>Bes\u00f6ksadress:<\/strong><br \/>\nFridhemsgatan 68<br \/>\n112 46 Stockholm<\/p>\n<p><strong>Fakturaadress:<\/strong><br \/>\n500 Brf V\u00e4sterg\u00e5rd nr 1<br \/>\nc\/o Storholmen F\u00f6rvaltning<br \/>\nBox 56012<br \/>\n102 17 Stockholm<\/p>\n<h4>K\u00e4nnedom om regler<\/h4>\n<p>Som leverant\u00f6r till f\u00f6reningen eller boende i f\u00f6reningen f\u00f6rv\u00e4ntas du k\u00e4nna till och f\u00f6lja f\u00f6reningens ordningsregler och s\u00e4rskilda anvisningar. V\u00e4nligen notera s\u00e4rskilt:<\/p>\n<ul style=\"list-style-type: square;\">\n<li>Kontrollera att ytterportarna g\u00e5r i l\u00e5s vid in- och utpassering.<\/li>\n<li>St\u00e4ll inte upp ytterportar utan uppsikt.<\/li>\n<li>Sl\u00e4pp inte in n\u00e5gon ok\u00e4nd person i fastigheten.<\/li>\n<li>L\u00e4mna inte k\u00e4llard\u00f6rrar \u00f6ppna utan uppsikt.<\/li>\n<li>Meddela i f\u00f6rv\u00e4g genom anslag och mejl till arenden@fridhemsgatan68.se:<br \/>\n<span>\u2022 Tidpunkt f\u00f6r utf\u00f6rande av st\u00f6rande arbeten.<br \/>\n<\/span>\u2022 Tidpunkt f\u00f6r avst\u00e4ngning av f\u00f6rs\u00f6rjningar, t.ex. el, vatten, v\u00e4rme, etc.<\/li>\n<li>Grovsopor f\u00e5r <span style=\"text-decoration: underline;\">INTE<\/span> l\u00e4mnas i f\u00f6reningens soprum.<\/li>\n<li>Var f\u00f6rsiktig s\u00e5 inte on\u00f6diga skador uppst\u00e5r p\u00e5 v\u00e4ggar, golv, portar, etc.<\/li>\n<li>Stora s\u00e4ckar hindrar framkomligheten och drar snabbt till sig avfall fr\u00e5n andra h\u00e5ll. Fyllning och h\u00e4mtning skall d\u00e4rf\u00f6r planeras och utf\u00f6ras s\u00e5 att tiden d\u00e5 stora s\u00e4ckar st\u00e5r p\u00e5 gatan blir s\u00e5 kort som m\u00f6jligt. Ytterst \u00e4r best\u00e4llaren ansvarig f\u00f6r att inget avfall l\u00e4mnas kvar utanf\u00f6r fastigheten.<\/li>\n<li>R\u00f6kning \u00e4r inte till\u00e5ten i fastigheten eller p\u00e5 dess g\u00e5rdar.<\/li>\n<li>Toalett finns i k\u00e4llaren i gathuset. V\u00e4nligen h\u00e5ll den ren och snygg.<\/li>\n<li>Hissarna har s\u00e5 kallade ljusrid\u00e5er som stannar hissen om man kommer f\u00f6r n\u00e4ra d\u00f6rren. Transportera d\u00e4rf\u00f6r inte f\u00f6rem\u00e5l i hissen som kan orsaka stopp. Kostnad f\u00f6r jourutryckning debiteras best\u00e4llaren av arbetet.<\/li>\n<li>Det skall det vara tyst i huset samt p\u00e5 g\u00e5rdarna vardagar kl. 22.00-07.00 och fredag till s\u00f6ndag kl. 24.00-10.00.<\/li>\n<li>Bullrande renoveringsarbeten som borrning, golvslipning mm f\u00e5r endast utf\u00f6ras helgfria vardagar 08.00-17.00.<\/li>\n<\/ul>\n<p>&nbsp;<\/p>\n<h4>Krav vid utf\u00f6rande av v\u00e4sentliga f\u00f6r\u00e4ndringar f\u00f6r boendes r\u00e4kning<\/h4>\n<p>Vid utf\u00f6rande av s\u00e5 kallade v\u00e4sentliga f\u00f6r\u00e4ndringar, d.v.s. arbeten som ber\u00f6r, omfattar eller angr\u00e4nsar till f\u00f6reningens underh\u00e5llsansvar g\u00e4ller f\u00f6ljande:<\/p>\n<ul style=\"list-style-type: square;\">\n<li>I samband med underh\u00e5ll av l\u00e4genheten skall bostadsr\u00e4ttshavare ans\u00f6ka om tillst\u00e5nd att utf\u00f6ra s.k. \u201dV\u00e4sentlig f\u00f6r\u00e4ndring\u201d d\u00e5 underh\u00e5llsobjekt som f\u00f6reningen ansvarar f\u00f6r underh\u00e5llet av ber\u00f6rs.<\/li>\n<li>Till f\u00f6reningens underh\u00e5llsansvar h\u00f6r t.ex. anslutningar f\u00f6r v\u00e4rme inklusive radiatorer och ventiler, vatten, avlopp, ventilation, eldning, el, gas, tv, internet, fasader, f\u00f6nsterytterb\u00e5gar, f\u00f6nsterytterkarmar, balkonger, markiser, b\u00e4rande v\u00e4ggar, bj\u00e4lklag, yttertak och markytor.<\/li>\n<li>S\u00e5vida inte f\u00f6reningen formellt tar p\u00e5 sig ett skriftligen avtalat best\u00e4llaransvar f\u00f6r hela eller delar av leveransen, s\u00e5 ligger hela best\u00e4llar-ansvaret till fullo p\u00e5 bostadsr\u00e4ttshavaren.<\/li>\n<li>Ans\u00f6kan om \u201dV\u00e4sentlig f\u00f6r\u00e4ndring\u201d skall d\u00e4rf\u00f6r vara skriftlig och omfatta beskrivning av det arbete som skall utf\u00f6ras inklusive metoder, material, ritningar, bilder, samt vem som skall utf\u00f6ra arbetet.<\/li>\n<li>Bostadsr\u00e4ttshavaren ansvarar f\u00f6r att tillhandah\u00e5lla dokumentation som intygar att utf\u00f6raren utf\u00f6rt arbetet fackmannam\u00e4ssigt i enlighet med aktuella bransch-praxis och tillhandah\u00e5llen beskrivning.<\/li>\n<li>Vid renovering av badrum och liknande v\u00e5trum ska branschpraxis f\u00f6ljas, vilket bl.a. inneb\u00e4r att om t\u00e4tskiktet bryts m\u00e5ste hela t\u00e4tskiktet g\u00f6ras om och att befintlig golvbrunn m\u00e5ste ers\u00e4ttas av ny golvbrunn som uppfyller g\u00e4llande branschstandard avseende produktegenskaper eller installationsmetod.<\/li>\n<li>Vid underh\u00e5ll av t\u00e4tskikt omfattar bostadsr\u00e4ttshavarens underh\u00e5llsansvar \u00e4ven horisontella anslutningar till gemensamma ledningar.<\/li>\n<li>Vid renovering av v\u00e5trum skall eventuell vattenansluten handdukstork avl\u00e4gsnas och f\u00e5r d\u00e5 ers\u00e4ttas med fackmannam\u00e4ssigt installerad elektrisk handdukstork.<\/li>\n<li>Vid utf\u00f6rande av arbeten d\u00e4r risk f\u00f6r vattenskada f\u00f6religger skall best\u00e4llaren s\u00e4kerst\u00e4lla att utf\u00f6raren vet hur avst\u00e4ngning g\u00e5r till s\u00e5 att skada inte uppst\u00e5r.<\/li>\n<li>Vid byte av produkter som omfattar f\u00f6reningens underh\u00e5llsansvar eller annat som omfattas av regler skall best\u00e4llaren s\u00e4kerst\u00e4lla att godk\u00e4nda produkter anv\u00e4nds, samt att f\u00f6reningen meddelas om bytet.<\/li>\n<\/ul>\n<p>&nbsp;<\/p>\n","protected":false},"excerpt":{"rendered":"<p>&nbsp; Fakta Brf V\u00e4sterg\u00e5rd nr 1 Org.nr. 702002-6105 BG: 517-0931 arenden@fridhemsgatan68.se Bes\u00f6ksadress: Fridhemsgatan 68 112 46 Stockholm Fakturaadress: 500 Brf V\u00e4sterg\u00e5rd nr 1 c\/o Storholmen F\u00f6rvaltning Box 56012 102 17 Stockholm K\u00e4nnedom om regler Som leverant\u00f6r till f\u00f6reningen eller boende i f\u00f6reningen f\u00f6rv\u00e4ntas du k\u00e4nna till och f\u00f6lja f\u00f6reningens ordningsregler \u2026 <a class=\"continue-reading-link\" href=\"https:\/\/fridhemsgatan68.se\/?page_id=33\">L\u00e4s mer <span class=\"meta-nav\">&rarr; <\/span><\/a><\/p>\n","protected":false},"author":5,"featured_media":0,"parent":0,"menu_order":0,"comment_status":"closed","ping_status":"closed","template":"","meta":{"footnotes":""},"class_list":["post-33","page","type-page","status-publish","hentry"],"_links":{"self":[{"href":"https:\/\/fridhemsgatan68.se\/index.php?rest_route=\/wp\/v2\/pages\/33"}],"collection":[{"href":"https:\/\/fridhemsgatan68.se\/index.php?rest_route=\/wp\/v2\/pages"}],"about":[{"href":"https:\/\/fridhemsgatan68.se\/index.php?rest_route=\/wp\/v2\/types\/page"}],"author":[{"embeddable":true,"href":"https:\/\/fridhemsgatan68.se\/index.php?rest_route=\/wp\/v2\/users\/5"}],"replies":[{"embeddable":true,"href":"https:\/\/fridhemsgatan68.se\/index.php?rest_route=%2Fwp%2Fv2%2Fcomments&post=33"}],"version-history":[{"count":31,"href":"https:\/\/fridhemsgatan68.se\/index.php?rest_route=\/wp\/v2\/pages\/33\/revisions"}],"predecessor-version":[{"id":222,"href":"https:\/\/fridhemsgatan68.se\/index.php?rest_route=\/wp\/v2\/pages\/33\/revisions\/222"}],"wp:attachment":[{"href":"https:\/\/fridhemsgatan68.se\/index.php?rest_route=%2Fwp%2Fv2%2Fmedia&parent=33"}],"curies":[{"name":"wp","href":"https:\/\/api.w.org\/{rel}","templated":true}]}}