{"id":68,"date":"2013-03-11T10:46:48","date_gmt":"2013-03-11T09:46:48","guid":{"rendered":"http:\/\/fridhemsgatan68.se\/wordpress\/?page_id=68"},"modified":"2021-04-11T14:34:49","modified_gmt":"2021-04-11T13:34:49","slug":"nyinflyttad","status":"publish","type":"page","link":"https:\/\/fridhemsgatan68.se\/?page_id=68","title":{"rendered":"F\u00f6r nya medlemmar"},"content":{"rendered":"<p><strong>V\u00e4lkommen till v\u00e5r trivsamma f\u00f6rening!<\/strong><\/p>\n<p>Vi \u00e4r stolta \u00f6ver v\u00e5r fina fastighet och den trivsamma st\u00e4mningen i f\u00f6reningen. Detta bygger p\u00e5 en l\u00e5ng tradition &#8211; sedan 1921 har de som bott i huset engagerat sig i sk\u00f6tseln, underh\u00e5llet och trivseln. Tack vare detta engagemang har vi h\u00f6g kunskap om v\u00e5r fastighet, \u00a0god kontinuitet i styrelse och utskott, och d\u00e4rigenom bra ordning och reda,\u00a0god ekonomi\u00a0samt ett l\u00e5gt f\u00f6rvaltarberoende. Vi \u00e4r m\u00e5na om att inte bli en f\u00f6rening d\u00e4r de boende har ett hyresg\u00e4stf\u00f6rh\u00e5llande till f\u00f6reningen och inte k\u00e4nner varandra ens vid namn. Som nyinflyttad ska du d\u00e4rf\u00f6r k\u00e4nna dig v\u00e4lkommen att engagera dig och k\u00e4nna dig som del\u00e4gare i en fin fastighet som vi hj\u00e4lps \u00e5t att ta hand om.<\/p>\n<p>&nbsp;<\/p>\n<p><strong>Ta del av ordningsregler, stadgar och viktig information mm<\/strong><\/p>\n<p>Hos oss kommer du l\u00e5ngt p\u00e5 sunt f\u00f6rnuft och respekt f\u00f6r dina grannar, men det \u00e4r viktigt att du tar del av v\u00e5ra <a title=\"Stadgar och ordningsregler\" href=\"https:\/\/fridhemsgatan68.se\/?page_id=30\">Stadgar och Ordningsregler<\/a>, samt <a title=\"Praktisk information\" href=\"https:\/\/fridhemsgatan68.se\/?page_id=41\">Viktig information<\/a> s\u00e5 du vet hur allt funkar. Titta g\u00e4rna igenom nyhetsbrev, \u00e5rsredovisning, underh\u00e5llsplan, mm s\u00e5 vet du vad som har h\u00e4nt och vad som \u00e4r p\u00e5 g\u00e5ng.<\/p>\n<p>&nbsp;<\/p>\n<p>&nbsp;<\/p>\n<p><strong>Fr\u00e5gor?<\/strong><\/p>\n<p>Kontakta g\u00e4rna styrelsen om du har fr\u00e5gor.<\/p>\n<p>&nbsp;<\/p>\n<p><em>Mvh Styrelsen<\/em><\/p>\n","protected":false},"excerpt":{"rendered":"<p>V\u00e4lkommen till v\u00e5r trivsamma f\u00f6rening! Vi \u00e4r stolta \u00f6ver v\u00e5r fina fastighet och den trivsamma st\u00e4mningen i f\u00f6reningen. Detta bygger p\u00e5 en l\u00e5ng tradition &#8211; sedan 1921 har de som bott i huset engagerat sig i sk\u00f6tseln, underh\u00e5llet och trivseln. Tack vare detta engagemang har vi h\u00f6g kunskap om v\u00e5r \u2026 <a class=\"continue-reading-link\" href=\"https:\/\/fridhemsgatan68.se\/?page_id=68\">L\u00e4s mer <span class=\"meta-nav\">&rarr; <\/span><\/a><\/p>\n","protected":false},"author":5,"featured_media":0,"parent":0,"menu_order":0,"comment_status":"closed","ping_status":"closed","template":"","meta":{"footnotes":""},"class_list":["post-68","page","type-page","status-publish","hentry"],"_links":{"self":[{"href":"https:\/\/fridhemsgatan68.se\/index.php?rest_route=\/wp\/v2\/pages\/68"}],"collection":[{"href":"https:\/\/fridhemsgatan68.se\/index.php?rest_route=\/wp\/v2\/pages"}],"about":[{"href":"https:\/\/fridhemsgatan68.se\/index.php?rest_route=\/wp\/v2\/types\/page"}],"author":[{"embeddable":true,"href":"https:\/\/fridhemsgatan68.se\/index.php?rest_route=\/wp\/v2\/users\/5"}],"replies":[{"embeddable":true,"href":"https:\/\/fridhemsgatan68.se\/index.php?rest_route=%2Fwp%2Fv2%2Fcomments&post=68"}],"version-history":[{"count":28,"href":"https:\/\/fridhemsgatan68.se\/index.php?rest_route=\/wp\/v2\/pages\/68\/revisions"}],"predecessor-version":[{"id":229,"href":"https:\/\/fridhemsgatan68.se\/index.php?rest_route=\/wp\/v2\/pages\/68\/revisions\/229"}],"wp:attachment":[{"href":"https:\/\/fridhemsgatan68.se\/index.php?rest_route=%2Fwp%2Fv2%2Fmedia&parent=68"}],"curies":[{"name":"wp","href":"https:\/\/api.w.org\/{rel}","templated":true}]}}